 {"id":22,"date":"2024-05-27T11:03:53","date_gmt":"2024-05-27T11:03:53","guid":{"rendered":"https:\/\/riko-animation.fr\/?page_id=22"},"modified":"2025-05-23T09:16:56","modified_gmt":"2025-05-23T09:16:56","slug":"themes","status":"publish","type":"page","link":"https:\/\/riko-animation.fr\/index.php\/accueil\/themes\/","title":{"rendered":"Prestations"},"content":{"rendered":"\t\t<div data-elementor-type=\"wp-page\" data-elementor-id=\"22\" class=\"elementor elementor-22\">\n\t\t\t\t<div class=\"elementor-element elementor-element-452b2de e-flex e-con-boxed e-con e-parent\" data-id=\"452b2de\" data-element_type=\"container\" data-e-type=\"container\">\n\t\t\t\t\t<div class=\"e-con-inner\">\n\t\t\t\t<div class=\"elementor-element elementor-element-a342956 elementor-widget elementor-widget-spacer\" data-id=\"a342956\" data-element_type=\"widget\" data-e-type=\"widget\" data-widget_type=\"spacer.default\">\n\t\t\t\t<div class=\"elementor-widget-container\">\n\t\t\t\t\t\t\t<div class=\"elementor-spacer\">\n\t\t\t<div class=\"elementor-spacer-inner\"><\/div>\n\t\t<\/div>\n\t\t\t\t\t\t<\/div>\n\t\t\t\t<\/div>\n\t\t\t\t\t<\/div>\n\t\t\t\t<\/div>\n\t\t<div class=\"elementor-element elementor-element-e3f8a29 e-flex e-con-boxed e-con e-parent\" data-id=\"e3f8a29\" data-element_type=\"container\" data-e-type=\"container\">\n\t\t\t\t\t<div class=\"e-con-inner\">\n\t\t\t\t<div class=\"elementor-element elementor-element-39cc477 elementor-widget elementor-widget-text-editor\" data-id=\"39cc477\" data-element_type=\"widget\" data-e-type=\"widget\" data-widget_type=\"text-editor.default\">\n\t\t\t\t<div class=\"elementor-widget-container\">\n\t\t\t\t\t\t\t\t\t<p>RIKO Animation excelle dans les \u00e9v\u00e8nements festifs, mariages, anniversaires, animations associatives mais sera aussi \u00eatre un partenaire fiable et s\u00e9rieux pour la sonorisation d\u2019\u00e9v\u00e8nement culturel et d&rsquo;entreprise.<\/p><p>Voici les secteurs de pr\u00e9dilections, pour lesquels, Riko Animation sera faire la diff\u00e9rence.<\/p>\t\t\t\t\t\t\t\t<\/div>\n\t\t\t\t<\/div>\n\t\t\t\t\t<\/div>\n\t\t\t\t<\/div>\n\t\t<div class=\"elementor-element elementor-element-da4b308 e-flex e-con-boxed e-con e-parent\" data-id=\"da4b308\" data-element_type=\"container\" data-e-type=\"container\">\n\t\t\t\t\t<div class=\"e-con-inner\">\n\t\t<div class=\"elementor-element elementor-element-fd2f0cf e-con-full e-flex e-con e-child\" data-id=\"fd2f0cf\" data-element_type=\"container\" data-e-type=\"container\">\n\t\t\t\t<div class=\"elementor-element elementor-element-a1da647 elementor-widget elementor-widget-image\" data-id=\"a1da647\" data-element_type=\"widget\" data-e-type=\"widget\" data-widget_type=\"image.default\">\n\t\t\t\t<div class=\"elementor-widget-container\">\n\t\t\t\t\t\t\t\t\t\t\t\t\t\t\t<img fetchpriority=\"high\" decoding=\"async\" width=\"640\" height=\"359\" src=\"https:\/\/riko-animation.fr\/wp-content\/uploads\/2024\/05\/BAL-POP-populaire-musique-dj-food-trucks-bars-terrasse-vieux-lille-actu-1024x575.jpg\" class=\"attachment-large size-large wp-image-334\" alt=\"\" srcset=\"https:\/\/riko-animation.fr\/wp-content\/uploads\/2024\/05\/BAL-POP-populaire-musique-dj-food-trucks-bars-terrasse-vieux-lille-actu-1024x575.jpg 1024w, https:\/\/riko-animation.fr\/wp-content\/uploads\/2024\/05\/BAL-POP-populaire-musique-dj-food-trucks-bars-terrasse-vieux-lille-actu-300x169.jpg 300w, https:\/\/riko-animation.fr\/wp-content\/uploads\/2024\/05\/BAL-POP-populaire-musique-dj-food-trucks-bars-terrasse-vieux-lille-actu-768x431.jpg 768w, https:\/\/riko-animation.fr\/wp-content\/uploads\/2024\/05\/BAL-POP-populaire-musique-dj-food-trucks-bars-terrasse-vieux-lille-actu.jpg 1200w\" sizes=\"(max-width: 640px) 100vw, 640px\" \/>\t\t\t\t\t\t\t\t\t\t\t\t\t\t\t<\/div>\n\t\t\t\t<\/div>\n\t\t\t\t<\/div>\n\t\t<div class=\"elementor-element elementor-element-e2d520d e-con-full e-flex e-con e-child\" data-id=\"e2d520d\" data-element_type=\"container\" data-e-type=\"container\">\n\t\t\t\t<div class=\"elementor-element elementor-element-c002baa elementor-widget elementor-widget-heading\" data-id=\"c002baa\" data-element_type=\"widget\" data-e-type=\"widget\" data-widget_type=\"heading.default\">\n\t\t\t\t<div class=\"elementor-widget-container\">\n\t\t\t\t\t<h2 class=\"elementor-heading-title elementor-size-default\">Les bals populaires<\/h2>\t\t\t\t<\/div>\n\t\t\t\t<\/div>\n\t\t\t\t<div class=\"elementor-element elementor-element-37f7cf0 elementor-widget elementor-widget-text-editor\" data-id=\"37f7cf0\" data-element_type=\"widget\" data-e-type=\"widget\" data-widget_type=\"text-editor.default\">\n\t\t\t\t<div class=\"elementor-widget-container\">\n\t\t\t\t\t\t\t\t\t<p>Les f\u00eates de village, les \u00e9v\u00e8nements des comit\u00e9s des f\u00eates, les bals des pompiers sont nos prestations pr\u00e9f\u00e9r\u00e9es. L\u00e0 o\u00f9 se m\u00e9lange les \u00e9nergies corporelles \u00e0 celle des enceintes. Ces moments o\u00f9 aussi bien Kurt Cobain que Maitre Gims va vous faire bondir de votre chaine, que vous allez reposer votre bi\u00e8re parce que vous ne pourrez pas r\u00e9sister \u00e0 vous d\u00e9hancher sur un Chuck Berry ou vous lancer dans Madison.<\/p>\t\t\t\t\t\t\t\t<\/div>\n\t\t\t\t<\/div>\n\t\t\t\t<\/div>\n\t\t\t\t\t<\/div>\n\t\t\t\t<\/div>\n\t\t<div class=\"elementor-element elementor-element-709fa79 e-flex e-con-boxed e-con e-parent\" data-id=\"709fa79\" data-element_type=\"container\" data-e-type=\"container\">\n\t\t\t\t\t<div class=\"e-con-inner\">\n\t\t<div class=\"elementor-element elementor-element-40ff771 e-con-full e-flex e-con e-child\" data-id=\"40ff771\" data-element_type=\"container\" data-e-type=\"container\">\n\t\t\t\t<div class=\"elementor-element elementor-element-822a48c elementor-widget elementor-widget-image\" data-id=\"822a48c\" data-element_type=\"widget\" data-e-type=\"widget\" data-widget_type=\"image.default\">\n\t\t\t\t<div class=\"elementor-widget-container\">\n\t\t\t\t\t\t\t\t\t\t\t\t\t\t\t<img decoding=\"async\" width=\"640\" height=\"480\" src=\"https:\/\/riko-animation.fr\/wp-content\/uploads\/2024\/05\/mariage-reussi-avec-DJ-professionnel-0.jpg\" class=\"attachment-large size-large wp-image-333\" alt=\"\" srcset=\"https:\/\/riko-animation.fr\/wp-content\/uploads\/2024\/05\/mariage-reussi-avec-DJ-professionnel-0.jpg 800w, https:\/\/riko-animation.fr\/wp-content\/uploads\/2024\/05\/mariage-reussi-avec-DJ-professionnel-0-300x225.jpg 300w, https:\/\/riko-animation.fr\/wp-content\/uploads\/2024\/05\/mariage-reussi-avec-DJ-professionnel-0-768x576.jpg 768w\" sizes=\"(max-width: 640px) 100vw, 640px\" \/>\t\t\t\t\t\t\t\t\t\t\t\t\t\t\t<\/div>\n\t\t\t\t<\/div>\n\t\t\t\t<\/div>\n\t\t<div class=\"elementor-element elementor-element-b516218 e-con-full e-flex e-con e-child\" data-id=\"b516218\" data-element_type=\"container\" data-e-type=\"container\">\n\t\t\t\t<div class=\"elementor-element elementor-element-209ea21 elementor-widget elementor-widget-heading\" data-id=\"209ea21\" data-element_type=\"widget\" data-e-type=\"widget\" data-widget_type=\"heading.default\">\n\t\t\t\t<div class=\"elementor-widget-container\">\n\t\t\t\t\t<h2 class=\"elementor-heading-title elementor-size-default\">Les f\u00eates priv\u00e9es<\/h2>\t\t\t\t<\/div>\n\t\t\t\t<\/div>\n\t\t\t\t<div class=\"elementor-element elementor-element-d66177e elementor-widget elementor-widget-text-editor\" data-id=\"d66177e\" data-element_type=\"widget\" data-e-type=\"widget\" data-widget_type=\"text-editor.default\">\n\t\t\t\t<div class=\"elementor-widget-container\">\n\t\t\t\t\t\t\t\t\t<p>Il est tr\u00e8s difficile de trouver un DJ et encore moins \u00e0 un tarif raisonnable et\/ou qui ne vous propose pas d&rsquo;options exorbitantes pour votre mariage.<br \/>Chez <strong>RIKO Animation<\/strong>, nous sommes conscient que les petits budgets ne peuvent pas toujours s&rsquo;offrir ce type de prestation et que bien souvent des amis se d\u00e9vouent pour passer derri\u00e8re les platines et ratent une bonne partie de la f\u00eate avec du mat\u00e9riel et un savoir faire pas toujours au niveau attendu par les jeunes mari\u00e9s.<br \/><strong>RIKO Animation<\/strong> propose des tarifs accessibles toute l&rsquo;ann\u00e9e et quelques que soit le type d&rsquo;\u00e9v\u00e8nement.<br \/>A partir de 350\u20ac vous vous offrez les services d&rsquo;un professionnel. Et si ce tarif ne rentre pas dans votre budget, pour 100\u20ac, Riko animation vous propose de louer le mat\u00e9riel (voir plus bas).<\/p>\t\t\t\t\t\t\t\t<\/div>\n\t\t\t\t<\/div>\n\t\t\t\t<\/div>\n\t\t\t\t\t<\/div>\n\t\t\t\t<\/div>\n\t\t<div class=\"elementor-element elementor-element-0c2ac91 e-flex e-con-boxed e-con e-parent\" data-id=\"0c2ac91\" data-element_type=\"container\" data-e-type=\"container\">\n\t\t\t\t\t<div class=\"e-con-inner\">\n\t\t<div class=\"elementor-element elementor-element-4d90a23 e-con-full e-flex e-con e-child\" data-id=\"4d90a23\" data-element_type=\"container\" data-e-type=\"container\">\n\t\t\t\t<div class=\"elementor-element elementor-element-cf90a61 elementor-widget elementor-widget-image\" data-id=\"cf90a61\" data-element_type=\"widget\" data-e-type=\"widget\" data-widget_type=\"image.default\">\n\t\t\t\t<div class=\"elementor-widget-container\">\n\t\t\t\t\t\t\t\t\t\t\t\t\t\t\t<img decoding=\"async\" width=\"640\" height=\"427\" src=\"https:\/\/riko-animation.fr\/wp-content\/uploads\/2024\/05\/karaoke-groupe-fotolia-1200x800-1-1024x683.jpg\" class=\"attachment-large size-large wp-image-335\" alt=\"\" srcset=\"https:\/\/riko-animation.fr\/wp-content\/uploads\/2024\/05\/karaoke-groupe-fotolia-1200x800-1-1024x683.jpg 1024w, https:\/\/riko-animation.fr\/wp-content\/uploads\/2024\/05\/karaoke-groupe-fotolia-1200x800-1-300x200.jpg 300w, https:\/\/riko-animation.fr\/wp-content\/uploads\/2024\/05\/karaoke-groupe-fotolia-1200x800-1-768x512.jpg 768w, https:\/\/riko-animation.fr\/wp-content\/uploads\/2024\/05\/karaoke-groupe-fotolia-1200x800-1.jpg 1200w\" sizes=\"(max-width: 640px) 100vw, 640px\" \/>\t\t\t\t\t\t\t\t\t\t\t\t\t\t\t<\/div>\n\t\t\t\t<\/div>\n\t\t\t\t<\/div>\n\t\t<div class=\"elementor-element elementor-element-e589b93 e-con-full e-flex e-con e-child\" data-id=\"e589b93\" data-element_type=\"container\" data-e-type=\"container\">\n\t\t\t\t<div class=\"elementor-element elementor-element-3d8dd2d elementor-widget elementor-widget-heading\" data-id=\"3d8dd2d\" data-element_type=\"widget\" data-e-type=\"widget\" data-widget_type=\"heading.default\">\n\t\t\t\t<div class=\"elementor-widget-container\">\n\t\t\t\t\t<h2 class=\"elementor-heading-title elementor-size-default\">Location du mat\u00e9riel<\/h2>\t\t\t\t<\/div>\n\t\t\t\t<\/div>\n\t\t\t\t<div class=\"elementor-element elementor-element-3afcff3 elementor-widget elementor-widget-text-editor\" data-id=\"3afcff3\" data-element_type=\"widget\" data-e-type=\"widget\" data-widget_type=\"text-editor.default\">\n\t\t\t\t<div class=\"elementor-widget-container\">\n\t\t\t\t\t\t\t\t\t<p>Nous sommes aussi l\u00e0 aussi pour les petits \u00e9v\u00e8nements entre amis avec des tarifs tr\u00e8s raisonnables. Envie d&rsquo;organiser un karaok\u00e9, un petit anniversaire ou un d\u00e9part \u00e0 la retraite, pour vos petites soir\u00e9es entre amis nous vous proposons la location du mat\u00e9riel de sonorisation et d\u2019\u00e9clairage (liste du mat\u00e9riel dans la rubrique <a href=\"https:\/\/riko-animation.fr\/index.php\/accueil\/options\/\">Option<\/a>). Cette location est possible en dehors des p\u00e9riodes festives de mai \u00e0 septembre ainsi qu&rsquo;autour des p\u00e9riodes de No\u00ebl et du jour de l&rsquo;an.<br \/>Et puis il n&rsquo;y a pas que la musique dans la vie. Nous pouvons louons aussi d&rsquo;autres mat\u00e9riel comme des jeux anciens et de la prestation de prise de vue par drone (sur site priv\u00e9)<\/p>\t\t\t\t\t\t\t\t<\/div>\n\t\t\t\t<\/div>\n\t\t\t\t<\/div>\n\t\t\t\t\t<\/div>\n\t\t\t\t<\/div>\n\t\t\t\t<\/div>\n\t\t","protected":false},"excerpt":{"rendered":"<p>RIKO Animation excelle dans les \u00e9v\u00e8nements festifs, mariages, anniversaires, animations associatives mais sera aussi \u00eatre un partenaire fiable et s\u00e9rieux pour la sonorisation d\u2019\u00e9v\u00e8nement culturel et d&rsquo;entreprise. Voici les secteurs de pr\u00e9dilections, pour lesquels, Riko Animation sera faire la diff\u00e9rence. Les bals populaires Les f\u00eates de village, les \u00e9v\u00e8nements des comit\u00e9s des f\u00eates, les bals [&hellip;]<\/p>\n","protected":false},"author":1,"featured_media":0,"parent":2,"menu_order":1,"comment_status":"closed","ping_status":"closed","template":"","meta":{"footnotes":""},"class_list":["post-22","page","type-page","status-publish","hentry"],"_links":{"self":[{"href":"https:\/\/riko-animation.fr\/index.php\/wp-json\/wp\/v2\/pages\/22","targetHints":{"allow":["GET"]}}],"collection":[{"href":"https:\/\/riko-animation.fr\/index.php\/wp-json\/wp\/v2\/pages"}],"about":[{"href":"https:\/\/riko-animation.fr\/index.php\/wp-json\/wp\/v2\/types\/page"}],"author":[{"embeddable":true,"href":"https:\/\/riko-animation.fr\/index.php\/wp-json\/wp\/v2\/users\/1"}],"replies":[{"embeddable":true,"href":"https:\/\/riko-animation.fr\/index.php\/wp-json\/wp\/v2\/comments?post=22"}],"version-history":[{"count":26,"href":"https:\/\/riko-animation.fr\/index.php\/wp-json\/wp\/v2\/pages\/22\/revisions"}],"predecessor-version":[{"id":558,"href":"https:\/\/riko-animation.fr\/index.php\/wp-json\/wp\/v2\/pages\/22\/revisions\/558"}],"up":[{"embeddable":true,"href":"https:\/\/riko-animation.fr\/index.php\/wp-json\/wp\/v2\/pages\/2"}],"wp:attachment":[{"href":"https:\/\/riko-animation.fr\/index.php\/wp-json\/wp\/v2\/media?parent=22"}],"curies":[{"name":"wp","href":"https:\/\/api.w.org\/{rel}","templated":true}]}}